{"id":7,"date":"2026-02-23T16:02:22","date_gmt":"2026-02-23T16:02:22","guid":{"rendered":"https:\/\/bizihaziak.rkinformatika.online\/?page_id=7"},"modified":"2026-02-26T12:27:26","modified_gmt":"2026-02-26T12:27:26","slug":"somos-bizihaziak","status":"publish","type":"page","link":"https:\/\/bizihaziak.com\/eu\/somos-bizihaziak\/","title":{"rendered":"BIZIHAZIAK GARA"},"content":{"rendered":"<div data-elementor-type=\"wp-page\" data-elementor-id=\"7\" class=\"elementor elementor-7\" data-elementor-post-type=\"page\">\n\t\t\t\t<div class=\"elementor-element elementor-element-e007c31 e-con-full e-flex e-con e-parent\" data-id=\"e007c31\" data-element_type=\"container\" data-e-type=\"container\" data-settings=\"{&quot;background_background&quot;:&quot;classic&quot;}\">\n\t\t\t\t<\/div>\n\t\t<div class=\"elementor-element elementor-element-1cef033 e-flex e-con-boxed elementor-invisible e-con e-parent\" data-id=\"1cef033\" data-element_type=\"container\" data-e-type=\"container\" data-settings=\"{&quot;background_background&quot;:&quot;classic&quot;,&quot;animation&quot;:&quot;fadeInLeft&quot;}\">\n\t\t\t\t\t<div class=\"e-con-inner\">\n\t\t<div class=\"elementor-element elementor-element-6de5b78 e-con-full e-flex e-con e-child\" data-id=\"6de5b78\" data-element_type=\"container\" data-e-type=\"container\">\n\t\t\t\t<div class=\"elementor-element elementor-element-6e31223 elementor-widget elementor-widget-heading\" data-id=\"6e31223\" data-element_type=\"widget\" data-e-type=\"widget\" data-widget_type=\"heading.default\">\n\t\t\t\t\t<h2 class=\"elementor-heading-title elementor-size-default\">SOMOS BIZI HAZIAK<\/h2>\t\t\t\t<\/div>\n\t\t\t\t<div class=\"elementor-element elementor-element-090d6e5 elementor-widget elementor-widget-text-editor\" data-id=\"090d6e5\" data-element_type=\"widget\" data-e-type=\"widget\" data-widget_type=\"text-editor.default\">\n\t\t\t\t\t\t\t\t\t<p>Bizi Haziak es un centro integral de crianza respetuosa ubicado en Galdakao. En Bizi Haziak trabajamos por una conciencia cr\u00edtica desde la paternidad y maternidad.<\/p>\t\t\t\t\t\t\t\t<\/div>\n\t\t\t\t<\/div>\n\t\t\t\t\t<\/div>\n\t\t\t\t<\/div>\n\t\t<div class=\"elementor-element elementor-element-975b557 e-flex e-con-boxed elementor-invisible e-con e-parent\" data-id=\"975b557\" data-element_type=\"container\" data-e-type=\"container\" data-settings=\"{&quot;background_background&quot;:&quot;classic&quot;,&quot;animation&quot;:&quot;fadeInLeft&quot;}\">\n\t\t\t\t\t<div class=\"e-con-inner\">\n\t\t<div class=\"elementor-element elementor-element-8335903 e-con-full e-flex e-con e-child\" data-id=\"8335903\" data-element_type=\"container\" data-e-type=\"container\">\n\t\t\t\t<div class=\"elementor-element elementor-element-174f460 elementor-widget elementor-widget-heading\" data-id=\"174f460\" data-element_type=\"widget\" data-e-type=\"widget\" data-widget_type=\"heading.default\">\n\t\t\t\t\t<h2 class=\"elementor-heading-title elementor-size-default\">Nuestro Equipo<\/h2>\t\t\t\t<\/div>\n\t\t\t\t<\/div>\n\t\t\t\t\t<\/div>\n\t\t\t\t<\/div>\n\t\t<div class=\"elementor-element elementor-element-193505b e-flex e-con-boxed e-con e-parent\" data-id=\"193505b\" data-element_type=\"container\" data-e-type=\"container\">\n\t\t\t\t\t<div class=\"e-con-inner\">\n\t\t<div class=\"elementor-element elementor-element-3ad9d4f e-con-full e-flex e-con e-child\" data-id=\"3ad9d4f\" data-element_type=\"container\" data-e-type=\"container\">\n\t\t\t\t<div class=\"elementor-element elementor-element-a27c730 elementor-cta--layout-image-right elementor-cta--mobile-layout-image-above elementor-cta--skin-classic elementor-animated-content elementor-bg-transform elementor-bg-transform-zoom-in elementor-widget elementor-widget-call-to-action\" data-id=\"a27c730\" data-element_type=\"widget\" data-e-type=\"widget\" data-widget_type=\"call-to-action.default\">\n\t\t\t\t\t\t\t<div class=\"elementor-cta\">\n\t\t\t\t\t<div class=\"elementor-cta__bg-wrapper\">\n\t\t\t\t<div class=\"elementor-cta__bg elementor-bg\" style=\"background-image: url(https:\/\/bizihaziak.com\/wp-content\/uploads\/2026\/02\/ana.jpeg);\" role=\"img\" aria-label=\"ana\"><\/div>\n\t\t\t\t<div class=\"elementor-cta__bg-overlay\"><\/div>\n\t\t\t<\/div>\n\t\t\t\t\t\t\t<div class=\"elementor-cta__content\">\n\t\t\t\t\n\t\t\t\t\t\t\t\t\t<h2 class=\"elementor-cta__title elementor-cta__content-item elementor-content-item\">\n\t\t\t\t\t\tAna S\u00e1nchez\t\t\t\t\t<\/h2>\n\t\t\t\t\n\t\t\t\t\t\t\t\t\t<div class=\"elementor-cta__description elementor-cta__content-item elementor-content-item\">\n\t\t\t\t\t\tEducadora y fundadora de Bizi Haziak, especialista en Atenci\u00f3n Temprana e innovaci\u00f3n educativa, asesora de lactancia, educadora de porteo y acompa\u00f1ante en embarazo, parto y postparto.\t\t\t\t\t<\/div>\n\t\t\t\t\n\t\t\t\t\t\t\t<\/div>\n\t\t\t\t\t\t<\/div>\n\t\t\t\t\t\t<\/div>\n\t\t\t\t<\/div>\n\t\t<div class=\"elementor-element elementor-element-7145455 e-con-full e-flex e-con e-child\" data-id=\"7145455\" data-element_type=\"container\" data-e-type=\"container\">\n\t\t\t\t<div class=\"elementor-element elementor-element-a610b1a elementor-cta--layout-image-right elementor-cta--mobile-layout-image-above elementor-cta--skin-classic elementor-animated-content elementor-bg-transform elementor-bg-transform-zoom-in elementor-widget elementor-widget-call-to-action\" data-id=\"a610b1a\" data-element_type=\"widget\" data-e-type=\"widget\" data-widget_type=\"call-to-action.default\">\n\t\t\t\t\t\t\t<div class=\"elementor-cta\">\n\t\t\t\t\t<div class=\"elementor-cta__bg-wrapper\">\n\t\t\t\t<div class=\"elementor-cta__bg elementor-bg\" style=\"background-image: url(https:\/\/bizihaziak.com\/wp-content\/uploads\/2026\/02\/maider.jpeg);\" role=\"img\" aria-label=\"maider\"><\/div>\n\t\t\t\t<div class=\"elementor-cta__bg-overlay\"><\/div>\n\t\t\t<\/div>\n\t\t\t\t\t\t\t<div class=\"elementor-cta__content\">\n\t\t\t\t\n\t\t\t\t\t\t\t\t\t<h2 class=\"elementor-cta__title elementor-cta__content-item elementor-content-item\">\n\t\t\t\t\t\tMaider Etxebarria\t\t\t\t\t<\/h2>\n\t\t\t\t\n\t\t\t\t\t\t\t\t\t<div class=\"elementor-cta__description elementor-cta__content-item elementor-content-item\">\n\t\t\t\t\t\tYoga\nHace algunos a\u00f1os tuve la suerte de descubrir el mundo del yoga, junto con mi maternidad, fueron momentos claves en mi vida , cambi\u00e9 mi manera de entender la vida y surgi\u00f3 esa transformaci\u00f3n de autoconocimiento personal. Empec\u00e9 con mi autopr\u00e1ctica experimentando los beneficios del yoga y el deseo de seguir evolucionando me llevo a aventurarme en las ense\u00f1anzas del yoga, form\u00e1ndome como profesora de yoga integral, yoga prenatal, yoga infantil y m\u00e1s tarde de yoga a\u00e9reo.\nEn estos momentos estoy centrada en el yoga a\u00e9reo.\t\t\t\t\t<\/div>\n\t\t\t\t\n\t\t\t\t\t\t\t<\/div>\n\t\t\t\t\t\t<\/div>\n\t\t\t\t\t\t<\/div>\n\t\t\t\t<\/div>\n\t\t<div class=\"elementor-element elementor-element-ff935f2 e-con-full e-flex e-con e-child\" data-id=\"ff935f2\" data-element_type=\"container\" data-e-type=\"container\">\n\t\t\t\t<div class=\"elementor-element elementor-element-c551833 elementor-cta--layout-image-right elementor-cta--mobile-layout-image-above elementor-cta--skin-classic elementor-animated-content elementor-bg-transform elementor-bg-transform-zoom-in elementor-widget elementor-widget-call-to-action\" data-id=\"c551833\" data-element_type=\"widget\" data-e-type=\"widget\" data-widget_type=\"call-to-action.default\">\n\t\t\t\t\t\t\t<div class=\"elementor-cta\">\n\t\t\t\t\t<div class=\"elementor-cta__bg-wrapper\">\n\t\t\t\t<div class=\"elementor-cta__bg elementor-bg\" style=\"background-image: url(https:\/\/bizihaziak.com\/wp-content\/uploads\/2026\/02\/rosa.jpeg);\" role=\"img\" aria-label=\"rosa\"><\/div>\n\t\t\t\t<div class=\"elementor-cta__bg-overlay\"><\/div>\n\t\t\t<\/div>\n\t\t\t\t\t\t\t<div class=\"elementor-cta__content\">\n\t\t\t\t\n\t\t\t\t\t\t\t\t\t<h2 class=\"elementor-cta__title elementor-cta__content-item elementor-content-item\">\n\t\t\t\t\t\tRosa Soloaga\t\t\t\t\t<\/h2>\n\t\t\t\t\n\t\t\t\t\t\t\t\t\t<div class=\"elementor-cta__description elementor-cta__content-item elementor-content-item\">\n\t\t\t\t\t\tSoy doula y acompa\u00f1o a las mujeres y familias desde el yoga durante el embarazo y despu\u00e9s con sus beb\u00e9s.\t\t\t\t\t<\/div>\n\t\t\t\t\n\t\t\t\t\t\t\t<\/div>\n\t\t\t\t\t\t<\/div>\n\t\t\t\t\t\t<\/div>\n\t\t\t\t<\/div>\n\t\t\t\t\t<\/div>\n\t\t\t\t<\/div>\n\t\t\t\t<\/div>","protected":false},"excerpt":{"rendered":"<p>SOMOS BIZI HAZIAK Bizi Haziak es un centro integral de crianza respetuosa ubicado en Galdakao. En Bizi Haziak trabajamos por una conciencia cr\u00edtica desde la paternidad y maternidad. Nuestro Equipo Ana S\u00e1nchez Educadora y fundadora de Bizi Haziak, especialista en Atenci\u00f3n Temprana e innovaci\u00f3n educativa, asesora de lactancia, educadora de porteo y acompa\u00f1ante en embarazo, [&hellip;]<\/p>\n","protected":false},"author":1,"featured_media":0,"parent":0,"menu_order":0,"comment_status":"closed","ping_status":"closed","template":"elementor_canvas","meta":{"footnotes":""},"class_list":["post-7","page","type-page","status-publish","hentry"],"yoast_head":"<!-- This site is optimized with the Yoast SEO plugin v27.5 - https:\/\/yoast.com\/product\/yoast-seo-wordpress\/ -->\n<title>SOMOS BIZIHAZIAK - Bizi Haziak<\/title>\n<meta name=\"robots\" content=\"index, follow, max-snippet:-1, max-image-preview:large, max-video-preview:-1\" \/>\n<link rel=\"canonical\" href=\"https:\/\/bizihaziak.com\/eu\/somos-bizihaziak\/\" \/>\n<meta property=\"og:locale\" content=\"en_US\" \/>\n<meta property=\"og:type\" content=\"article\" \/>\n<meta property=\"og:title\" content=\"SOMOS BIZIHAZIAK - Bizi Haziak\" \/>\n<meta property=\"og:description\" content=\"SOMOS BIZI HAZIAK Bizi Haziak es un centro integral de crianza respetuosa ubicado en Galdakao. En Bizi Haziak trabajamos por una conciencia cr\u00edtica desde la paternidad y maternidad. Nuestro Equipo Ana S\u00e1nchez Educadora y fundadora de Bizi Haziak, especialista en Atenci\u00f3n Temprana e innovaci\u00f3n educativa, asesora de lactancia, educadora de porteo y acompa\u00f1ante en embarazo, [&hellip;]\" \/>\n<meta property=\"og:url\" content=\"https:\/\/bizihaziak.com\/eu\/somos-bizihaziak\/\" \/>\n<meta property=\"og:site_name\" content=\"Bizi Haziak\" \/>\n<meta property=\"article:modified_time\" content=\"2026-02-26T12:27:26+00:00\" \/>\n<meta name=\"twitter:card\" content=\"summary_large_image\" \/>\n<meta name=\"twitter:label1\" content=\"Est. reading time\" \/>\n\t<meta name=\"twitter:data1\" content=\"1 minutua\" \/>\n<script type=\"application\/ld+json\" class=\"yoast-schema-graph\">{\"@context\":\"https:\\\/\\\/schema.org\",\"@graph\":[{\"@type\":\"WebPage\",\"@id\":\"https:\\\/\\\/bizihaziak.com\\\/somos-bizihaziak\\\/\",\"url\":\"https:\\\/\\\/bizihaziak.com\\\/somos-bizihaziak\\\/\",\"name\":\"SOMOS BIZIHAZIAK - Bizi Haziak\",\"isPartOf\":{\"@id\":\"https:\\\/\\\/bizihaziak.com\\\/#website\"},\"datePublished\":\"2026-02-23T16:02:22+00:00\",\"dateModified\":\"2026-02-26T12:27:26+00:00\",\"breadcrumb\":{\"@id\":\"https:\\\/\\\/bizihaziak.com\\\/somos-bizihaziak\\\/#breadcrumb\"},\"inLanguage\":\"eu\",\"potentialAction\":[{\"@type\":\"ReadAction\",\"target\":[\"https:\\\/\\\/bizihaziak.com\\\/somos-bizihaziak\\\/\"]}]},{\"@type\":\"BreadcrumbList\",\"@id\":\"https:\\\/\\\/bizihaziak.com\\\/somos-bizihaziak\\\/#breadcrumb\",\"itemListElement\":[{\"@type\":\"ListItem\",\"position\":1,\"name\":\"Portada\",\"item\":\"https:\\\/\\\/bizihaziak.com\\\/\"},{\"@type\":\"ListItem\",\"position\":2,\"name\":\"SOMOS BIZIHAZIAK\"}]},{\"@type\":\"WebSite\",\"@id\":\"https:\\\/\\\/bizihaziak.com\\\/#website\",\"url\":\"https:\\\/\\\/bizihaziak.com\\\/\",\"name\":\"Bizi Haziak\",\"description\":\"Bizi Haziak\",\"publisher\":{\"@id\":\"https:\\\/\\\/bizihaziak.com\\\/#organization\"},\"potentialAction\":[{\"@type\":\"SearchAction\",\"target\":{\"@type\":\"EntryPoint\",\"urlTemplate\":\"https:\\\/\\\/bizihaziak.com\\\/?s={search_term_string}\"},\"query-input\":{\"@type\":\"PropertyValueSpecification\",\"valueRequired\":true,\"valueName\":\"search_term_string\"}}],\"inLanguage\":\"eu\"},{\"@type\":\"Organization\",\"@id\":\"https:\\\/\\\/bizihaziak.com\\\/#organization\",\"name\":\"Bizi Haziak\",\"url\":\"https:\\\/\\\/bizihaziak.com\\\/\",\"logo\":{\"@type\":\"ImageObject\",\"inLanguage\":\"eu\",\"@id\":\"https:\\\/\\\/bizihaziak.com\\\/#\\\/schema\\\/logo\\\/image\\\/\",\"url\":\"https:\\\/\\\/bizihaziak.com\\\/wp-content\\\/uploads\\\/2026\\\/02\\\/logo-bizihaziak.png\",\"contentUrl\":\"https:\\\/\\\/bizihaziak.com\\\/wp-content\\\/uploads\\\/2026\\\/02\\\/logo-bizihaziak.png\",\"width\":600,\"height\":273,\"caption\":\"Bizi Haziak\"},\"image\":{\"@id\":\"https:\\\/\\\/bizihaziak.com\\\/#\\\/schema\\\/logo\\\/image\\\/\"}}]}<\/script>\n<!-- \/ Yoast SEO plugin. -->","yoast_head_json":{"title":"SOMOS BIZIHAZIAK - Bizi Haziak","robots":{"index":"index","follow":"follow","max-snippet":"max-snippet:-1","max-image-preview":"max-image-preview:large","max-video-preview":"max-video-preview:-1"},"canonical":"https:\/\/bizihaziak.com\/eu\/somos-bizihaziak\/","og_locale":"en_US","og_type":"article","og_title":"SOMOS BIZIHAZIAK - Bizi Haziak","og_description":"SOMOS BIZI HAZIAK Bizi Haziak es un centro integral de crianza respetuosa ubicado en Galdakao. En Bizi Haziak trabajamos por una conciencia cr\u00edtica desde la paternidad y maternidad. Nuestro Equipo Ana S\u00e1nchez Educadora y fundadora de Bizi Haziak, especialista en Atenci\u00f3n Temprana e innovaci\u00f3n educativa, asesora de lactancia, educadora de porteo y acompa\u00f1ante en embarazo, [&hellip;]","og_url":"https:\/\/bizihaziak.com\/eu\/somos-bizihaziak\/","og_site_name":"Bizi Haziak","article_modified_time":"2026-02-26T12:27:26+00:00","twitter_card":"summary_large_image","twitter_misc":{"Est. reading time":"1 minutua"},"schema":{"@context":"https:\/\/schema.org","@graph":[{"@type":"WebPage","@id":"https:\/\/bizihaziak.com\/somos-bizihaziak\/","url":"https:\/\/bizihaziak.com\/somos-bizihaziak\/","name":"SOMOS BIZIHAZIAK - Bizi Haziak","isPartOf":{"@id":"https:\/\/bizihaziak.com\/#website"},"datePublished":"2026-02-23T16:02:22+00:00","dateModified":"2026-02-26T12:27:26+00:00","breadcrumb":{"@id":"https:\/\/bizihaziak.com\/somos-bizihaziak\/#breadcrumb"},"inLanguage":"eu","potentialAction":[{"@type":"ReadAction","target":["https:\/\/bizihaziak.com\/somos-bizihaziak\/"]}]},{"@type":"BreadcrumbList","@id":"https:\/\/bizihaziak.com\/somos-bizihaziak\/#breadcrumb","itemListElement":[{"@type":"ListItem","position":1,"name":"Portada","item":"https:\/\/bizihaziak.com\/"},{"@type":"ListItem","position":2,"name":"SOMOS BIZIHAZIAK"}]},{"@type":"WebSite","@id":"https:\/\/bizihaziak.com\/#website","url":"https:\/\/bizihaziak.com\/","name":"Bizi Haziak","description":"Bizi Haziak","publisher":{"@id":"https:\/\/bizihaziak.com\/#organization"},"potentialAction":[{"@type":"SearchAction","target":{"@type":"EntryPoint","urlTemplate":"https:\/\/bizihaziak.com\/?s={search_term_string}"},"query-input":{"@type":"PropertyValueSpecification","valueRequired":true,"valueName":"search_term_string"}}],"inLanguage":"eu"},{"@type":"Organization","@id":"https:\/\/bizihaziak.com\/#organization","name":"Bizi Haziak","url":"https:\/\/bizihaziak.com\/","logo":{"@type":"ImageObject","inLanguage":"eu","@id":"https:\/\/bizihaziak.com\/#\/schema\/logo\/image\/","url":"https:\/\/bizihaziak.com\/wp-content\/uploads\/2026\/02\/logo-bizihaziak.png","contentUrl":"https:\/\/bizihaziak.com\/wp-content\/uploads\/2026\/02\/logo-bizihaziak.png","width":600,"height":273,"caption":"Bizi Haziak"},"image":{"@id":"https:\/\/bizihaziak.com\/#\/schema\/logo\/image\/"}}]}},"_links":{"self":[{"href":"https:\/\/bizihaziak.com\/eu\/wp-json\/wp\/v2\/pages\/7","targetHints":{"allow":["GET"]}}],"collection":[{"href":"https:\/\/bizihaziak.com\/eu\/wp-json\/wp\/v2\/pages"}],"about":[{"href":"https:\/\/bizihaziak.com\/eu\/wp-json\/wp\/v2\/types\/page"}],"author":[{"embeddable":true,"href":"https:\/\/bizihaziak.com\/eu\/wp-json\/wp\/v2\/users\/1"}],"replies":[{"embeddable":true,"href":"https:\/\/bizihaziak.com\/eu\/wp-json\/wp\/v2\/comments?post=7"}],"version-history":[{"count":142,"href":"https:\/\/bizihaziak.com\/eu\/wp-json\/wp\/v2\/pages\/7\/revisions"}],"predecessor-version":[{"id":1064,"href":"https:\/\/bizihaziak.com\/eu\/wp-json\/wp\/v2\/pages\/7\/revisions\/1064"}],"wp:attachment":[{"href":"https:\/\/bizihaziak.com\/eu\/wp-json\/wp\/v2\/media?parent=7"}],"curies":[{"name":"wp","href":"https:\/\/api.w.org\/{rel}","templated":true}]}}