{"id":624,"date":"2026-02-24T11:57:13","date_gmt":"2026-02-24T11:57:13","guid":{"rendered":"https:\/\/bizihaziak.rkinformatika.online\/?page_id=624"},"modified":"2026-03-13T10:50:58","modified_gmt":"2026-03-13T10:50:58","slug":"acompanamiento-embarazo","status":"publish","type":"page","link":"https:\/\/bizihaziak.com\/eu\/acompanamiento-embarazo\/","title":{"rendered":"Acompa\u00f1amiento_embarazo"},"content":{"rendered":"<div data-elementor-type=\"wp-page\" data-elementor-id=\"624\" class=\"elementor elementor-624\" data-elementor-post-type=\"page\">\n\t\t\t\t<div class=\"elementor-element elementor-element-ff8a4fb e-con-full e-flex e-con e-parent\" data-id=\"ff8a4fb\" data-element_type=\"container\" data-e-type=\"container\" data-settings=\"{&quot;background_background&quot;:&quot;classic&quot;}\">\n\t\t\t\t<\/div>\n\t\t<div class=\"elementor-element elementor-element-eb830ec e-flex e-con-boxed elementor-invisible e-con e-parent\" data-id=\"eb830ec\" data-element_type=\"container\" data-e-type=\"container\" data-settings=\"{&quot;background_background&quot;:&quot;classic&quot;,&quot;animation&quot;:&quot;fadeInLeft&quot;}\">\n\t\t\t\t\t<div class=\"e-con-inner\">\n\t\t<div class=\"elementor-element elementor-element-cafa064 e-con-full e-flex e-con e-child\" data-id=\"cafa064\" data-element_type=\"container\" data-e-type=\"container\">\n\t\t\t\t<div class=\"elementor-element elementor-element-43c9cec elementor-widget elementor-widget-heading\" data-id=\"43c9cec\" data-element_type=\"widget\" data-e-type=\"widget\" data-widget_type=\"heading.default\">\n\t\t\t\t\t<h2 class=\"elementor-heading-title elementor-size-default\">Acompa\u00f1amiento durante el embarazo y el parto<\/h2>\t\t\t\t<\/div>\n\t\t\t\t<div class=\"elementor-element elementor-element-4090c94 elementor-widget elementor-widget-heading\" data-id=\"4090c94\" data-element_type=\"widget\" data-e-type=\"widget\" data-widget_type=\"heading.default\">\n\t\t\t\t\t<h2 class=\"elementor-heading-title elementor-size-default\">Clases de entrenamiento funcional creadas para acompa\u00f1ar a la mujer en sus diferentes etapas<\/h2>\t\t\t\t<\/div>\n\t\t\t\t<div class=\"elementor-element elementor-element-69e911c elementor-widget elementor-widget-text-editor\" data-id=\"69e911c\" data-element_type=\"widget\" data-e-type=\"widget\" data-widget_type=\"text-editor.default\">\n\t\t\t\t\t\t\t\t\t<p>Preparto, postparto y mujer activa, con ejercicios totalmente adaptados a tus necesidades y a los cambios de tu cuerpo.<\/p><ul><li>Comenzamos siempre desde la conexi\u00f3n con una respiraci\u00f3n consciente, porque es la base para cuidar tu abdomen y tu suelo p\u00e9lvico.<\/li><li>Continuamos con ejercicios de movilidad, liberando tensiones y ganando amplitud de movimiento.<\/li><li>Finalizamos con un trabajo de fuerza progresivo y seguro, para mantenerte activa, fuerte y preparada para tu d\u00eda a d\u00eda.<\/li><li>El objetivo no es solo entrenar, sino disfrutar del deporte, reconectar con tu cuerpo y acompa\u00f1arte en cada etapa de forma respetuosa y efectiva.<\/li><li>Porque moverte con seguridad tambi\u00e9n es una forma de cuidarte.<\/li><\/ul>\t\t\t\t\t\t\t\t<\/div>\n\t\t\t\t<div class=\"elementor-element elementor-element-9065643 elementor-widget elementor-widget-button\" data-id=\"9065643\" data-element_type=\"widget\" data-e-type=\"widget\" data-widget_type=\"button.default\">\n\t\t\t\t\t\t\t\t\t\t<a class=\"elementor-button elementor-button-link elementor-size-sm elementor-animation-float\" href=\"\/eu\/contacto\/\">\n\t\t\t\t\t\t<span class=\"elementor-button-content-wrapper\">\n\t\t\t\t\t\t<span class=\"elementor-button-icon\">\n\t\t\t\t<svg aria-hidden=\"true\" class=\"e-font-icon-svg e-fas-pencil-alt\" viewbox=\"0 0 512 512\" xmlns=\"http:\/\/www.w3.org\/2000\/svg\"><path d=\"M497.9 142.1l-46.1 46.1c-4.7 4.7-12.3 4.7-17 0l-111-111c-4.7-4.7-4.7-12.3 0-17l46.1-46.1c18.7-18.7 49.1-18.7 67.9 0l60.1 60.1c18.8 18.7 18.8 49.1 0 67.9zM284.2 99.8L21.6 362.4.4 483.9c-2.9 16.4 11.4 30.6 27.8 27.8l121.5-21.3 262.6-262.6c4.7-4.7 4.7-12.3 0-17l-111-111c-4.8-4.7-12.4-4.7-17.1 0zM124.1 339.9c-5.5-5.5-5.5-14.3 0-19.8l154-154c5.5-5.5 14.3-5.5 19.8 0s5.5 14.3 0 19.8l-154 154c-5.5 5.5-14.3 5.5-19.8 0zM88 424h48v36.3l-64.5 11.3-31.1-31.1L51.7 376H88v48z\"><\/path><\/svg>\t\t\t<\/span>\n\t\t\t\t\t\t\t\t\t<span class=\"elementor-button-text\">Reserva tu plaza<\/span>\n\t\t\t\t\t<\/span>\n\t\t\t\t\t<\/a>\n\t\t\t\t\t\t\t\t<\/div>\n\t\t\t\t<\/div>\n\t\t\t\t\t<\/div>\n\t\t\t\t<\/div>\n\t\t\t\t<\/div>","protected":false},"excerpt":{"rendered":"<p>Acompa\u00f1amiento durante el embarazo y el parto Clases de entrenamiento funcional creadas para acompa\u00f1ar a la mujer en sus diferentes etapas Preparto, postparto y mujer activa, con ejercicios totalmente adaptados a tus necesidades y a los cambios de tu cuerpo. Comenzamos siempre desde la conexi\u00f3n con una respiraci\u00f3n consciente, porque es la base para cuidar [&hellip;]<\/p>\n","protected":false},"author":1,"featured_media":0,"parent":0,"menu_order":0,"comment_status":"closed","ping_status":"closed","template":"elementor_canvas","meta":{"footnotes":""},"class_list":["post-624","page","type-page","status-publish","hentry"],"yoast_head":"<!-- This site is optimized with the Yoast SEO plugin v27.5 - https:\/\/yoast.com\/product\/yoast-seo-wordpress\/ -->\n<title>Acompa\u00f1amiento_embarazo - Bizi Haziak<\/title>\n<meta name=\"robots\" content=\"index, follow, max-snippet:-1, max-image-preview:large, max-video-preview:-1\" \/>\n<link rel=\"canonical\" href=\"https:\/\/bizihaziak.com\/eu\/acompanamiento-embarazo\/\" \/>\n<meta property=\"og:locale\" content=\"en_US\" \/>\n<meta property=\"og:type\" content=\"article\" \/>\n<meta property=\"og:title\" content=\"Acompa\u00f1amiento_embarazo - Bizi Haziak\" \/>\n<meta property=\"og:description\" content=\"Acompa\u00f1amiento durante el embarazo y el parto Clases de entrenamiento funcional creadas para acompa\u00f1ar a la mujer en sus diferentes etapas Preparto, postparto y mujer activa, con ejercicios totalmente adaptados a tus necesidades y a los cambios de tu cuerpo. Comenzamos siempre desde la conexi\u00f3n con una respiraci\u00f3n consciente, porque es la base para cuidar [&hellip;]\" \/>\n<meta property=\"og:url\" content=\"https:\/\/bizihaziak.com\/eu\/acompanamiento-embarazo\/\" \/>\n<meta property=\"og:site_name\" content=\"Bizi Haziak\" \/>\n<meta property=\"article:modified_time\" content=\"2026-03-13T10:50:58+00:00\" \/>\n<meta name=\"twitter:card\" content=\"summary_large_image\" \/>\n<meta name=\"twitter:label1\" content=\"Est. reading time\" \/>\n\t<meta name=\"twitter:data1\" content=\"1 minutua\" \/>\n<script type=\"application\/ld+json\" class=\"yoast-schema-graph\">{\"@context\":\"https:\\\/\\\/schema.org\",\"@graph\":[{\"@type\":\"WebPage\",\"@id\":\"https:\\\/\\\/bizihaziak.com\\\/acompanamiento-embarazo\\\/\",\"url\":\"https:\\\/\\\/bizihaziak.com\\\/acompanamiento-embarazo\\\/\",\"name\":\"Acompa\u00f1amiento_embarazo - Bizi Haziak\",\"isPartOf\":{\"@id\":\"https:\\\/\\\/bizihaziak.com\\\/#website\"},\"datePublished\":\"2026-02-24T11:57:13+00:00\",\"dateModified\":\"2026-03-13T10:50:58+00:00\",\"breadcrumb\":{\"@id\":\"https:\\\/\\\/bizihaziak.com\\\/acompanamiento-embarazo\\\/#breadcrumb\"},\"inLanguage\":\"eu\",\"potentialAction\":[{\"@type\":\"ReadAction\",\"target\":[\"https:\\\/\\\/bizihaziak.com\\\/acompanamiento-embarazo\\\/\"]}]},{\"@type\":\"BreadcrumbList\",\"@id\":\"https:\\\/\\\/bizihaziak.com\\\/acompanamiento-embarazo\\\/#breadcrumb\",\"itemListElement\":[{\"@type\":\"ListItem\",\"position\":1,\"name\":\"Portada\",\"item\":\"https:\\\/\\\/bizihaziak.com\\\/\"},{\"@type\":\"ListItem\",\"position\":2,\"name\":\"Acompa\u00f1amiento_embarazo\"}]},{\"@type\":\"WebSite\",\"@id\":\"https:\\\/\\\/bizihaziak.com\\\/#website\",\"url\":\"https:\\\/\\\/bizihaziak.com\\\/\",\"name\":\"Bizi Haziak\",\"description\":\"Bizi Haziak\",\"publisher\":{\"@id\":\"https:\\\/\\\/bizihaziak.com\\\/#organization\"},\"potentialAction\":[{\"@type\":\"SearchAction\",\"target\":{\"@type\":\"EntryPoint\",\"urlTemplate\":\"https:\\\/\\\/bizihaziak.com\\\/?s={search_term_string}\"},\"query-input\":{\"@type\":\"PropertyValueSpecification\",\"valueRequired\":true,\"valueName\":\"search_term_string\"}}],\"inLanguage\":\"eu\"},{\"@type\":\"Organization\",\"@id\":\"https:\\\/\\\/bizihaziak.com\\\/#organization\",\"name\":\"Bizi Haziak\",\"url\":\"https:\\\/\\\/bizihaziak.com\\\/\",\"logo\":{\"@type\":\"ImageObject\",\"inLanguage\":\"eu\",\"@id\":\"https:\\\/\\\/bizihaziak.com\\\/#\\\/schema\\\/logo\\\/image\\\/\",\"url\":\"https:\\\/\\\/bizihaziak.com\\\/wp-content\\\/uploads\\\/2026\\\/02\\\/logo-bizihaziak.png\",\"contentUrl\":\"https:\\\/\\\/bizihaziak.com\\\/wp-content\\\/uploads\\\/2026\\\/02\\\/logo-bizihaziak.png\",\"width\":600,\"height\":273,\"caption\":\"Bizi Haziak\"},\"image\":{\"@id\":\"https:\\\/\\\/bizihaziak.com\\\/#\\\/schema\\\/logo\\\/image\\\/\"}}]}<\/script>\n<!-- \/ Yoast SEO plugin. -->","yoast_head_json":{"title":"Acompa\u00f1amiento_embarazo - Bizi Haziak","robots":{"index":"index","follow":"follow","max-snippet":"max-snippet:-1","max-image-preview":"max-image-preview:large","max-video-preview":"max-video-preview:-1"},"canonical":"https:\/\/bizihaziak.com\/eu\/acompanamiento-embarazo\/","og_locale":"en_US","og_type":"article","og_title":"Acompa\u00f1amiento_embarazo - Bizi Haziak","og_description":"Acompa\u00f1amiento durante el embarazo y el parto Clases de entrenamiento funcional creadas para acompa\u00f1ar a la mujer en sus diferentes etapas Preparto, postparto y mujer activa, con ejercicios totalmente adaptados a tus necesidades y a los cambios de tu cuerpo. Comenzamos siempre desde la conexi\u00f3n con una respiraci\u00f3n consciente, porque es la base para cuidar [&hellip;]","og_url":"https:\/\/bizihaziak.com\/eu\/acompanamiento-embarazo\/","og_site_name":"Bizi Haziak","article_modified_time":"2026-03-13T10:50:58+00:00","twitter_card":"summary_large_image","twitter_misc":{"Est. reading time":"1 minutua"},"schema":{"@context":"https:\/\/schema.org","@graph":[{"@type":"WebPage","@id":"https:\/\/bizihaziak.com\/acompanamiento-embarazo\/","url":"https:\/\/bizihaziak.com\/acompanamiento-embarazo\/","name":"Acompa\u00f1amiento_embarazo - Bizi Haziak","isPartOf":{"@id":"https:\/\/bizihaziak.com\/#website"},"datePublished":"2026-02-24T11:57:13+00:00","dateModified":"2026-03-13T10:50:58+00:00","breadcrumb":{"@id":"https:\/\/bizihaziak.com\/acompanamiento-embarazo\/#breadcrumb"},"inLanguage":"eu","potentialAction":[{"@type":"ReadAction","target":["https:\/\/bizihaziak.com\/acompanamiento-embarazo\/"]}]},{"@type":"BreadcrumbList","@id":"https:\/\/bizihaziak.com\/acompanamiento-embarazo\/#breadcrumb","itemListElement":[{"@type":"ListItem","position":1,"name":"Portada","item":"https:\/\/bizihaziak.com\/"},{"@type":"ListItem","position":2,"name":"Acompa\u00f1amiento_embarazo"}]},{"@type":"WebSite","@id":"https:\/\/bizihaziak.com\/#website","url":"https:\/\/bizihaziak.com\/","name":"Bizi Haziak","description":"Bizi Haziak","publisher":{"@id":"https:\/\/bizihaziak.com\/#organization"},"potentialAction":[{"@type":"SearchAction","target":{"@type":"EntryPoint","urlTemplate":"https:\/\/bizihaziak.com\/?s={search_term_string}"},"query-input":{"@type":"PropertyValueSpecification","valueRequired":true,"valueName":"search_term_string"}}],"inLanguage":"eu"},{"@type":"Organization","@id":"https:\/\/bizihaziak.com\/#organization","name":"Bizi Haziak","url":"https:\/\/bizihaziak.com\/","logo":{"@type":"ImageObject","inLanguage":"eu","@id":"https:\/\/bizihaziak.com\/#\/schema\/logo\/image\/","url":"https:\/\/bizihaziak.com\/wp-content\/uploads\/2026\/02\/logo-bizihaziak.png","contentUrl":"https:\/\/bizihaziak.com\/wp-content\/uploads\/2026\/02\/logo-bizihaziak.png","width":600,"height":273,"caption":"Bizi Haziak"},"image":{"@id":"https:\/\/bizihaziak.com\/#\/schema\/logo\/image\/"}}]}},"_links":{"self":[{"href":"https:\/\/bizihaziak.com\/eu\/wp-json\/wp\/v2\/pages\/624","targetHints":{"allow":["GET"]}}],"collection":[{"href":"https:\/\/bizihaziak.com\/eu\/wp-json\/wp\/v2\/pages"}],"about":[{"href":"https:\/\/bizihaziak.com\/eu\/wp-json\/wp\/v2\/types\/page"}],"author":[{"embeddable":true,"href":"https:\/\/bizihaziak.com\/eu\/wp-json\/wp\/v2\/users\/1"}],"replies":[{"embeddable":true,"href":"https:\/\/bizihaziak.com\/eu\/wp-json\/wp\/v2\/comments?post=624"}],"version-history":[{"count":28,"href":"https:\/\/bizihaziak.com\/eu\/wp-json\/wp\/v2\/pages\/624\/revisions"}],"predecessor-version":[{"id":1622,"href":"https:\/\/bizihaziak.com\/eu\/wp-json\/wp\/v2\/pages\/624\/revisions\/1622"}],"wp:attachment":[{"href":"https:\/\/bizihaziak.com\/eu\/wp-json\/wp\/v2\/media?parent=624"}],"curies":[{"name":"wp","href":"https:\/\/api.w.org\/{rel}","templated":true}]}}