{"id":484,"date":"2026-02-24T11:04:11","date_gmt":"2026-02-24T11:04:11","guid":{"rendered":"https:\/\/bizihaziak.rkinformatika.online\/?page_id=484"},"modified":"2026-04-10T15:52:03","modified_gmt":"2026-04-10T15:52:03","slug":"yoga-aereo-infantil","status":"publish","type":"page","link":"https:\/\/bizihaziak.com\/eu\/yoga-aereo-infantil\/","title":{"rendered":"Haurrentzako aireko yoga"},"content":{"rendered":"<div data-elementor-type=\"wp-page\" data-elementor-id=\"484\" class=\"elementor elementor-484\" data-elementor-post-type=\"page\">\n\t\t\t\t<div class=\"elementor-element elementor-element-0d3c086 e-con-full e-flex e-con e-parent\" data-id=\"0d3c086\" data-element_type=\"container\" data-e-type=\"container\" data-settings=\"{&quot;background_background&quot;:&quot;classic&quot;}\">\n\t\t\t\t<\/div>\n\t\t<div class=\"elementor-element elementor-element-eb50c58 e-flex e-con-boxed elementor-invisible e-con e-parent\" data-id=\"eb50c58\" data-element_type=\"container\" data-e-type=\"container\" data-settings=\"{&quot;background_background&quot;:&quot;classic&quot;,&quot;animation&quot;:&quot;fadeInLeft&quot;}\">\n\t\t\t\t\t<div class=\"e-con-inner\">\n\t\t<div class=\"elementor-element elementor-element-de1e75c e-con-full e-flex e-con e-child\" data-id=\"de1e75c\" data-element_type=\"container\" data-e-type=\"container\">\n\t\t\t\t<div class=\"elementor-element elementor-element-47b9e2e elementor-widget elementor-widget-heading\" data-id=\"47b9e2e\" data-element_type=\"widget\" data-e-type=\"widget\" data-widget_type=\"heading.default\">\n\t\t\t\t\t<h2 class=\"elementor-heading-title elementor-size-default\">Yo a\u00e9reo infantil<\/h2>\t\t\t\t<\/div>\n\t\t\t\t<div class=\"elementor-element elementor-element-70dee1d elementor-widget elementor-widget-text-editor\" data-id=\"70dee1d\" data-element_type=\"widget\" data-e-type=\"widget\" data-widget_type=\"text-editor.default\">\n\t\t\t\t\t\t\t\t\t<p><strong>INFANTIL<\/strong><\/p><p><strong>(+6 a\u00f1os)<br \/><\/strong><strong>Fecha:<\/strong>\u00a0 Los Martes por la tarde 17:15 \/ y a las 18:30<\/p><p>Disponibilidad de nuevos horarios ( consultar)<\/p><p><strong>Duraci\u00f3n:<\/strong>\u00a060 minutos<br \/><strong>Lugar:<\/strong>\u00a0Bizihaziak (Galdakao)<br \/><strong>Imparte:<\/strong>\u00a0Maider Etxebarria<br \/><strong>Precio:<\/strong> Infantil 40\u20ac mes\u00a0<\/p>\t\t\t\t\t\t\t\t<\/div>\n\t\t\t\t<div class=\"elementor-element elementor-element-8d2e038 elementor-widget elementor-widget-button\" data-id=\"8d2e038\" data-element_type=\"widget\" data-e-type=\"widget\" data-widget_type=\"button.default\">\n\t\t\t\t\t\t\t\t\t\t<a class=\"elementor-button elementor-button-link elementor-size-sm elementor-animation-float\" href=\"\/eu\/contacto\/\">\n\t\t\t\t\t\t<span class=\"elementor-button-content-wrapper\">\n\t\t\t\t\t\t<span class=\"elementor-button-icon\">\n\t\t\t\t<svg aria-hidden=\"true\" class=\"e-font-icon-svg e-fas-pencil-alt\" viewbox=\"0 0 512 512\" xmlns=\"http:\/\/www.w3.org\/2000\/svg\"><path d=\"M497.9 142.1l-46.1 46.1c-4.7 4.7-12.3 4.7-17 0l-111-111c-4.7-4.7-4.7-12.3 0-17l46.1-46.1c18.7-18.7 49.1-18.7 67.9 0l60.1 60.1c18.8 18.7 18.8 49.1 0 67.9zM284.2 99.8L21.6 362.4.4 483.9c-2.9 16.4 11.4 30.6 27.8 27.8l121.5-21.3 262.6-262.6c4.7-4.7 4.7-12.3 0-17l-111-111c-4.8-4.7-12.4-4.7-17.1 0zM124.1 339.9c-5.5-5.5-5.5-14.3 0-19.8l154-154c5.5-5.5 14.3-5.5 19.8 0s5.5 14.3 0 19.8l-154 154c-5.5 5.5-14.3 5.5-19.8 0zM88 424h48v36.3l-64.5 11.3-31.1-31.1L51.7 376H88v48z\"><\/path><\/svg>\t\t\t<\/span>\n\t\t\t\t\t\t\t\t\t<span class=\"elementor-button-text\">Reserva tu plaza<\/span>\n\t\t\t\t\t<\/span>\n\t\t\t\t\t<\/a>\n\t\t\t\t\t\t\t\t<\/div>\n\t\t\t\t<div class=\"elementor-element elementor-element-b976fb7 elementor-widget elementor-widget-gallery\" data-id=\"b976fb7\" data-element_type=\"widget\" data-e-type=\"widget\" data-settings=\"{&quot;lazyload&quot;:&quot;yes&quot;,&quot;gallery_layout&quot;:&quot;grid&quot;,&quot;columns&quot;:4,&quot;columns_tablet&quot;:2,&quot;columns_mobile&quot;:1,&quot;gap&quot;:{&quot;unit&quot;:&quot;px&quot;,&quot;size&quot;:10,&quot;sizes&quot;:[]},&quot;gap_tablet&quot;:{&quot;unit&quot;:&quot;px&quot;,&quot;size&quot;:10,&quot;sizes&quot;:[]},&quot;gap_mobile&quot;:{&quot;unit&quot;:&quot;px&quot;,&quot;size&quot;:10,&quot;sizes&quot;:[]},&quot;link_to&quot;:&quot;file&quot;,&quot;aspect_ratio&quot;:&quot;3:2&quot;,&quot;overlay_background&quot;:&quot;yes&quot;,&quot;content_hover_animation&quot;:&quot;fade-in&quot;}\" data-widget_type=\"gallery.default\">\n\t\t\t\t\t\t\t<div class=\"elementor-gallery__container\">\n\t\t\t\t\t\t\t<a class=\"e-gallery-item elementor-gallery-item elementor-animated-content\" href=\"https:\/\/bizihaziak.com\/wp-content\/uploads\/2026\/02\/YogaAereoBizihaziak-5-400x250-1.jpeg\" data-elementor-open-lightbox=\"yes\" data-elementor-lightbox-slideshow=\"b976fb7\" data-e-action-hash=\"#elementor-action%3Aaction%3Dlightbox%26settings%3DeyJpZCI6MjE5LCJ1cmwiOiJodHRwczpcL1wvYml6aWhhemlhay5jb21cL3dwLWNvbnRlbnRcL3VwbG9hZHNcLzIwMjZcLzAyXC9Zb2dhQWVyZW9CaXppaGF6aWFrLTUtNDAweDI1MC0xLmpwZWciLCJzbGlkZXNob3ciOiJiOTc2ZmI3In0%3D\">\n\t\t\t\t\t<div class=\"e-gallery-image elementor-gallery-item__image\" data-thumbnail=\"https:\/\/bizihaziak.com\/wp-content\/uploads\/2026\/02\/YogaAereoBizihaziak-5-400x250-1.jpeg\" data-width=\"400\" data-height=\"250\" aria-label=\"\" role=\"img\" ><\/div>\n\t\t\t\t\t\t\t\t\t\t\t<div class=\"elementor-gallery-item__overlay\"><\/div>\n\t\t\t\t\t\t\t\t\t\t\t\t\t\t<\/a>\n\t\t\t\t\t\t\t<a class=\"e-gallery-item elementor-gallery-item elementor-animated-content\" href=\"https:\/\/bizihaziak.com\/wp-content\/uploads\/2026\/02\/act1.jpeg\" data-elementor-open-lightbox=\"yes\" data-elementor-lightbox-slideshow=\"b976fb7\" data-e-action-hash=\"#elementor-action%3Aaction%3Dlightbox%26settings%3DeyJpZCI6MjE4LCJ1cmwiOiJodHRwczpcL1wvYml6aWhhemlhay5jb21cL3dwLWNvbnRlbnRcL3VwbG9hZHNcLzIwMjZcLzAyXC9hY3QxLmpwZWciLCJzbGlkZXNob3ciOiJiOTc2ZmI3In0%3D\">\n\t\t\t\t\t<div class=\"e-gallery-image elementor-gallery-item__image\" data-thumbnail=\"https:\/\/bizihaziak.com\/wp-content\/uploads\/2026\/02\/act1.jpeg\" data-width=\"1599\" data-height=\"1599\" aria-label=\"\" role=\"img\" ><\/div>\n\t\t\t\t\t\t\t\t\t\t\t<div class=\"elementor-gallery-item__overlay\"><\/div>\n\t\t\t\t\t\t\t\t\t\t\t\t\t\t<\/a>\n\t\t\t\t\t\t\t<a class=\"e-gallery-item elementor-gallery-item elementor-animated-content\" href=\"https:\/\/bizihaziak.com\/wp-content\/uploads\/2026\/04\/WhatsApp-Image-2026-04-10-at-13.06.42.jpeg\" data-elementor-open-lightbox=\"yes\" data-elementor-lightbox-slideshow=\"b976fb7\" data-elementor-lightbox-title=\"WhatsApp Image 2026-04-10 at 13.06.42\" data-e-action-hash=\"#elementor-action%3Aaction%3Dlightbox%26settings%3DeyJpZCI6MTY5MiwidXJsIjoiaHR0cHM6XC9cL2JpemloYXppYWsuY29tXC93cC1jb250ZW50XC91cGxvYWRzXC8yMDI2XC8wNFwvV2hhdHNBcHAtSW1hZ2UtMjAyNi0wNC0xMC1hdC0xMy4wNi40Mi5qcGVnIiwic2xpZGVzaG93IjoiYjk3NmZiNyJ9\">\n\t\t\t\t\t<div class=\"e-gallery-image elementor-gallery-item__image\" data-thumbnail=\"https:\/\/bizihaziak.com\/wp-content\/uploads\/2026\/04\/WhatsApp-Image-2026-04-10-at-13.06.42.jpeg\" data-width=\"1536\" data-height=\"2048\" aria-label=\"\" role=\"img\" ><\/div>\n\t\t\t\t\t\t\t\t\t\t\t<div class=\"elementor-gallery-item__overlay\"><\/div>\n\t\t\t\t\t\t\t\t\t\t\t\t\t\t<\/a>\n\t\t\t\t\t\t\t<a class=\"e-gallery-item elementor-gallery-item elementor-animated-content\" href=\"https:\/\/bizihaziak.com\/wp-content\/uploads\/2026\/04\/WhatsApp-Image-2026-04-10-at-13.06.421.jpeg\" data-elementor-open-lightbox=\"yes\" data-elementor-lightbox-slideshow=\"b976fb7\" data-elementor-lightbox-title=\"WhatsApp Image 2026-04-10 at 13.06.42(1)\" data-e-action-hash=\"#elementor-action%3Aaction%3Dlightbox%26settings%3DeyJpZCI6MTY5MSwidXJsIjoiaHR0cHM6XC9cL2JpemloYXppYWsuY29tXC93cC1jb250ZW50XC91cGxvYWRzXC8yMDI2XC8wNFwvV2hhdHNBcHAtSW1hZ2UtMjAyNi0wNC0xMC1hdC0xMy4wNi40MjEuanBlZyIsInNsaWRlc2hvdyI6ImI5NzZmYjcifQ%3D%3D\">\n\t\t\t\t\t<div class=\"e-gallery-image elementor-gallery-item__image\" data-thumbnail=\"https:\/\/bizihaziak.com\/wp-content\/uploads\/2026\/04\/WhatsApp-Image-2026-04-10-at-13.06.421.jpeg\" data-width=\"1536\" data-height=\"2048\" aria-label=\"\" role=\"img\" ><\/div>\n\t\t\t\t\t\t\t\t\t\t\t<div class=\"elementor-gallery-item__overlay\"><\/div>\n\t\t\t\t\t\t\t\t\t\t\t\t\t\t<\/a>\n\t\t\t\t\t<\/div>\n\t\t\t\t\t<\/div>\n\t\t\t\t<\/div>\n\t\t\t\t\t<\/div>\n\t\t\t\t<\/div>\n\t\t\t\t<\/div>","protected":false},"excerpt":{"rendered":"<p>Yo a\u00e9reo infantil INFANTIL (+6 a\u00f1os)Fecha:\u00a0 Los Martes por la tarde 17:15 \/ y a las 18:30 Disponibilidad de nuevos horarios ( consultar) Duraci\u00f3n:\u00a060 minutosLugar:\u00a0Bizihaziak (Galdakao)Imparte:\u00a0Maider EtxebarriaPrecio: Infantil 40\u20ac mes\u00a0 Reserva tu plaza<\/p>","protected":false},"author":1,"featured_media":0,"parent":0,"menu_order":0,"comment_status":"closed","ping_status":"closed","template":"elementor_canvas","meta":{"footnotes":""},"class_list":["post-484","page","type-page","status-publish","hentry"],"yoast_head":"<!-- This site is optimized with the Yoast SEO plugin v27.5 - https:\/\/yoast.com\/product\/yoast-seo-wordpress\/ -->\n<title>Yoga A\u00e9reo Infantil - Bizi Haziak<\/title>\n<meta name=\"robots\" content=\"index, follow, max-snippet:-1, max-image-preview:large, max-video-preview:-1\" \/>\n<link rel=\"canonical\" href=\"https:\/\/bizihaziak.com\/eu\/yoga-aereo-infantil\/\" \/>\n<meta property=\"og:locale\" content=\"en_US\" \/>\n<meta property=\"og:type\" content=\"article\" \/>\n<meta property=\"og:title\" content=\"Yoga A\u00e9reo Infantil - Bizi Haziak\" \/>\n<meta property=\"og:description\" content=\"Yo a\u00e9reo infantil INFANTIL (+6 a\u00f1os)Fecha:\u00a0 Los Martes por la tarde 17:15 \/ y a las 18:30 Disponibilidad de nuevos horarios ( consultar) Duraci\u00f3n:\u00a060 minutosLugar:\u00a0Bizihaziak (Galdakao)Imparte:\u00a0Maider EtxebarriaPrecio: Infantil 40\u20ac mes\u00a0 Reserva tu plaza\" \/>\n<meta property=\"og:url\" content=\"https:\/\/bizihaziak.com\/eu\/yoga-aereo-infantil\/\" \/>\n<meta property=\"og:site_name\" content=\"Bizi Haziak\" \/>\n<meta property=\"article:modified_time\" content=\"2026-04-10T15:52:03+00:00\" \/>\n<meta name=\"twitter:card\" content=\"summary_large_image\" \/>\n<meta name=\"twitter:label1\" content=\"Est. reading time\" \/>\n\t<meta name=\"twitter:data1\" content=\"1 minutua\" \/>\n<script type=\"application\/ld+json\" class=\"yoast-schema-graph\">{\"@context\":\"https:\\\/\\\/schema.org\",\"@graph\":[{\"@type\":\"WebPage\",\"@id\":\"https:\\\/\\\/bizihaziak.com\\\/yoga-aereo-infantil\\\/\",\"url\":\"https:\\\/\\\/bizihaziak.com\\\/yoga-aereo-infantil\\\/\",\"name\":\"Yoga A\u00e9reo Infantil - Bizi Haziak\",\"isPartOf\":{\"@id\":\"https:\\\/\\\/bizihaziak.com\\\/#website\"},\"datePublished\":\"2026-02-24T11:04:11+00:00\",\"dateModified\":\"2026-04-10T15:52:03+00:00\",\"breadcrumb\":{\"@id\":\"https:\\\/\\\/bizihaziak.com\\\/yoga-aereo-infantil\\\/#breadcrumb\"},\"inLanguage\":\"eu\",\"potentialAction\":[{\"@type\":\"ReadAction\",\"target\":[\"https:\\\/\\\/bizihaziak.com\\\/yoga-aereo-infantil\\\/\"]}]},{\"@type\":\"BreadcrumbList\",\"@id\":\"https:\\\/\\\/bizihaziak.com\\\/yoga-aereo-infantil\\\/#breadcrumb\",\"itemListElement\":[{\"@type\":\"ListItem\",\"position\":1,\"name\":\"Portada\",\"item\":\"https:\\\/\\\/bizihaziak.com\\\/\"},{\"@type\":\"ListItem\",\"position\":2,\"name\":\"Yoga A\u00e9reo Infantil\"}]},{\"@type\":\"WebSite\",\"@id\":\"https:\\\/\\\/bizihaziak.com\\\/#website\",\"url\":\"https:\\\/\\\/bizihaziak.com\\\/\",\"name\":\"Bizi Haziak\",\"description\":\"Bizi Haziak\",\"publisher\":{\"@id\":\"https:\\\/\\\/bizihaziak.com\\\/#organization\"},\"potentialAction\":[{\"@type\":\"SearchAction\",\"target\":{\"@type\":\"EntryPoint\",\"urlTemplate\":\"https:\\\/\\\/bizihaziak.com\\\/?s={search_term_string}\"},\"query-input\":{\"@type\":\"PropertyValueSpecification\",\"valueRequired\":true,\"valueName\":\"search_term_string\"}}],\"inLanguage\":\"eu\"},{\"@type\":\"Organization\",\"@id\":\"https:\\\/\\\/bizihaziak.com\\\/#organization\",\"name\":\"Bizi Haziak\",\"url\":\"https:\\\/\\\/bizihaziak.com\\\/\",\"logo\":{\"@type\":\"ImageObject\",\"inLanguage\":\"eu\",\"@id\":\"https:\\\/\\\/bizihaziak.com\\\/#\\\/schema\\\/logo\\\/image\\\/\",\"url\":\"https:\\\/\\\/bizihaziak.com\\\/wp-content\\\/uploads\\\/2026\\\/02\\\/logo-bizihaziak.png\",\"contentUrl\":\"https:\\\/\\\/bizihaziak.com\\\/wp-content\\\/uploads\\\/2026\\\/02\\\/logo-bizihaziak.png\",\"width\":600,\"height\":273,\"caption\":\"Bizi Haziak\"},\"image\":{\"@id\":\"https:\\\/\\\/bizihaziak.com\\\/#\\\/schema\\\/logo\\\/image\\\/\"}}]}<\/script>\n<!-- \/ Yoast SEO plugin. -->","yoast_head_json":{"title":"Yoga A\u00e9reo Infantil - Bizi Haziak","robots":{"index":"index","follow":"follow","max-snippet":"max-snippet:-1","max-image-preview":"max-image-preview:large","max-video-preview":"max-video-preview:-1"},"canonical":"https:\/\/bizihaziak.com\/eu\/yoga-aereo-infantil\/","og_locale":"en_US","og_type":"article","og_title":"Yoga A\u00e9reo Infantil - Bizi Haziak","og_description":"Yo a\u00e9reo infantil INFANTIL (+6 a\u00f1os)Fecha:\u00a0 Los Martes por la tarde 17:15 \/ y a las 18:30 Disponibilidad de nuevos horarios ( consultar) Duraci\u00f3n:\u00a060 minutosLugar:\u00a0Bizihaziak (Galdakao)Imparte:\u00a0Maider EtxebarriaPrecio: Infantil 40\u20ac mes\u00a0 Reserva tu plaza","og_url":"https:\/\/bizihaziak.com\/eu\/yoga-aereo-infantil\/","og_site_name":"Bizi Haziak","article_modified_time":"2026-04-10T15:52:03+00:00","twitter_card":"summary_large_image","twitter_misc":{"Est. reading time":"1 minutua"},"schema":{"@context":"https:\/\/schema.org","@graph":[{"@type":"WebPage","@id":"https:\/\/bizihaziak.com\/yoga-aereo-infantil\/","url":"https:\/\/bizihaziak.com\/yoga-aereo-infantil\/","name":"Yoga A\u00e9reo Infantil - Bizi Haziak","isPartOf":{"@id":"https:\/\/bizihaziak.com\/#website"},"datePublished":"2026-02-24T11:04:11+00:00","dateModified":"2026-04-10T15:52:03+00:00","breadcrumb":{"@id":"https:\/\/bizihaziak.com\/yoga-aereo-infantil\/#breadcrumb"},"inLanguage":"eu","potentialAction":[{"@type":"ReadAction","target":["https:\/\/bizihaziak.com\/yoga-aereo-infantil\/"]}]},{"@type":"BreadcrumbList","@id":"https:\/\/bizihaziak.com\/yoga-aereo-infantil\/#breadcrumb","itemListElement":[{"@type":"ListItem","position":1,"name":"Portada","item":"https:\/\/bizihaziak.com\/"},{"@type":"ListItem","position":2,"name":"Yoga A\u00e9reo Infantil"}]},{"@type":"WebSite","@id":"https:\/\/bizihaziak.com\/#website","url":"https:\/\/bizihaziak.com\/","name":"Bizi Haziak","description":"Bizi Haziak","publisher":{"@id":"https:\/\/bizihaziak.com\/#organization"},"potentialAction":[{"@type":"SearchAction","target":{"@type":"EntryPoint","urlTemplate":"https:\/\/bizihaziak.com\/?s={search_term_string}"},"query-input":{"@type":"PropertyValueSpecification","valueRequired":true,"valueName":"search_term_string"}}],"inLanguage":"eu"},{"@type":"Organization","@id":"https:\/\/bizihaziak.com\/#organization","name":"Bizi Haziak","url":"https:\/\/bizihaziak.com\/","logo":{"@type":"ImageObject","inLanguage":"eu","@id":"https:\/\/bizihaziak.com\/#\/schema\/logo\/image\/","url":"https:\/\/bizihaziak.com\/wp-content\/uploads\/2026\/02\/logo-bizihaziak.png","contentUrl":"https:\/\/bizihaziak.com\/wp-content\/uploads\/2026\/02\/logo-bizihaziak.png","width":600,"height":273,"caption":"Bizi Haziak"},"image":{"@id":"https:\/\/bizihaziak.com\/#\/schema\/logo\/image\/"}}]}},"_links":{"self":[{"href":"https:\/\/bizihaziak.com\/eu\/wp-json\/wp\/v2\/pages\/484","targetHints":{"allow":["GET"]}}],"collection":[{"href":"https:\/\/bizihaziak.com\/eu\/wp-json\/wp\/v2\/pages"}],"about":[{"href":"https:\/\/bizihaziak.com\/eu\/wp-json\/wp\/v2\/types\/page"}],"author":[{"embeddable":true,"href":"https:\/\/bizihaziak.com\/eu\/wp-json\/wp\/v2\/users\/1"}],"replies":[{"embeddable":true,"href":"https:\/\/bizihaziak.com\/eu\/wp-json\/wp\/v2\/comments?post=484"}],"version-history":[{"count":50,"href":"https:\/\/bizihaziak.com\/eu\/wp-json\/wp\/v2\/pages\/484\/revisions"}],"predecessor-version":[{"id":1702,"href":"https:\/\/bizihaziak.com\/eu\/wp-json\/wp\/v2\/pages\/484\/revisions\/1702"}],"wp:attachment":[{"href":"https:\/\/bizihaziak.com\/eu\/wp-json\/wp\/v2\/media?parent=484"}],"curies":[{"name":"wp","href":"https:\/\/api.w.org\/{rel}","templated":true}]}}