{"id":1464,"date":"2026-03-13T09:36:48","date_gmt":"2026-03-13T09:36:48","guid":{"rendered":"https:\/\/bizihaziak.rkinformatika.online\/?page_id=1464"},"modified":"2026-03-24T14:56:26","modified_gmt":"2026-03-24T14:56:26","slug":"yoga-aereo-familiar","status":"publish","type":"page","link":"https:\/\/bizihaziak.com\/eu\/yoga-aereo-familiar\/","title":{"rendered":"Aireko Yoga Familiarra"},"content":{"rendered":"<div data-elementor-type=\"wp-page\" data-elementor-id=\"1464\" class=\"elementor elementor-1464\" data-elementor-post-type=\"page\">\n\t\t\t\t<div class=\"elementor-element elementor-element-0d3c086 e-con-full e-flex e-con e-parent\" data-id=\"0d3c086\" data-element_type=\"container\" data-e-type=\"container\" data-settings=\"{&quot;background_background&quot;:&quot;classic&quot;}\">\n\t\t\t\t<\/div>\n\t\t<div class=\"elementor-element elementor-element-eb50c58 e-flex e-con-boxed elementor-invisible e-con e-parent\" data-id=\"eb50c58\" data-element_type=\"container\" data-e-type=\"container\" data-settings=\"{&quot;background_background&quot;:&quot;classic&quot;,&quot;animation&quot;:&quot;fadeInLeft&quot;}\">\n\t\t\t\t\t<div class=\"e-con-inner\">\n\t\t<div class=\"elementor-element elementor-element-de1e75c e-con-full e-flex e-con e-child\" data-id=\"de1e75c\" data-element_type=\"container\" data-e-type=\"container\">\n\t\t\t\t<div class=\"elementor-element elementor-element-47b9e2e elementor-widget elementor-widget-heading\" data-id=\"47b9e2e\" data-element_type=\"widget\" data-e-type=\"widget\" data-widget_type=\"heading.default\">\n\t\t\t\t\t<h2 class=\"elementor-heading-title elementor-size-default\">Aireko Yoga Familiarra<\/h2>\t\t\t\t<\/div>\n\t\t\t\t<div class=\"elementor-element elementor-element-70dee1d elementor-widget elementor-widget-text-editor\" data-id=\"70dee1d\" data-element_type=\"widget\" data-e-type=\"widget\" data-widget_type=\"text-editor.default\">\n\t\t\t\t\t\t\t\t\t<p><strong>FAMILIA<\/strong><\/p><p>(adulto + txiki &gt; 2 a\u00f1os)<\/p><p><strong>Fecha:<\/strong>\u00a0 Los Mi\u00e9rcoles 17:15<\/p><p>Disponibilidad de nuevos horarios ( consultar)<\/p><p><strong>Duraci\u00f3n:<\/strong>\u00a060 minutos<br \/><strong>Lugar:<\/strong>\u00a0Bizihaziak (Galdakao)<br \/><strong>Imparte:<\/strong>\u00a0Maider Etxebarria<br \/><strong>Precio:<\/strong> Familiar 50\u20ac mes<\/p>\t\t\t\t\t\t\t\t<\/div>\n\t\t\t\t<div class=\"elementor-element elementor-element-8d2e038 elementor-widget elementor-widget-button\" data-id=\"8d2e038\" data-element_type=\"widget\" data-e-type=\"widget\" data-widget_type=\"button.default\">\n\t\t\t\t\t\t\t\t\t\t<a class=\"elementor-button elementor-button-link elementor-size-sm elementor-animation-float\" href=\"\/eu\/contacto\/\">\n\t\t\t\t\t\t<span class=\"elementor-button-content-wrapper\">\n\t\t\t\t\t\t<span class=\"elementor-button-icon\">\n\t\t\t\t<svg aria-hidden=\"true\" class=\"e-font-icon-svg e-fas-pencil-alt\" viewbox=\"0 0 512 512\" xmlns=\"http:\/\/www.w3.org\/2000\/svg\"><path d=\"M497.9 142.1l-46.1 46.1c-4.7 4.7-12.3 4.7-17 0l-111-111c-4.7-4.7-4.7-12.3 0-17l46.1-46.1c18.7-18.7 49.1-18.7 67.9 0l60.1 60.1c18.8 18.7 18.8 49.1 0 67.9zM284.2 99.8L21.6 362.4.4 483.9c-2.9 16.4 11.4 30.6 27.8 27.8l121.5-21.3 262.6-262.6c4.7-4.7 4.7-12.3 0-17l-111-111c-4.8-4.7-12.4-4.7-17.1 0zM124.1 339.9c-5.5-5.5-5.5-14.3 0-19.8l154-154c5.5-5.5 14.3-5.5 19.8 0s5.5 14.3 0 19.8l-154 154c-5.5 5.5-14.3 5.5-19.8 0zM88 424h48v36.3l-64.5 11.3-31.1-31.1L51.7 376H88v48z\"><\/path><\/svg>\t\t\t<\/span>\n\t\t\t\t\t\t\t\t\t<span class=\"elementor-button-text\">Reserva tu plaza<\/span>\n\t\t\t\t\t<\/span>\n\t\t\t\t\t<\/a>\n\t\t\t\t\t\t\t\t<\/div>\n\t\t\t\t<div class=\"elementor-element elementor-element-704dd08 elementor-widget elementor-widget-text-editor\" data-id=\"704dd08\" data-element_type=\"widget\" data-e-type=\"widget\" data-widget_type=\"text-editor.default\">\n\t\t\t\t\t\t\t\t\t<p>La pr\u00e1ctica regular de yoga a\u00e9reo ayuda a los mas peque\u00f1os y adultos.\u00a0 Algunos de sus beneficios:<\/p>\t\t\t\t\t\t\t\t<\/div>\n\t\t\t\t<div class=\"elementor-element elementor-element-fbb0c44 elementor-list-item-link-full_width elementor-widget elementor-widget-icon-list\" data-id=\"fbb0c44\" data-element_type=\"widget\" data-e-type=\"widget\" data-widget_type=\"icon-list.default\">\n\t\t\t\t\t\t\t<ul class=\"elementor-icon-list-items\">\n\t\t\t\t\t\t\t<li class=\"elementor-icon-list-item\">\n\t\t\t\t\t\t\t\t\t\t\t<span class=\"elementor-icon-list-icon\">\n\t\t\t\t\t\t\t<svg aria-hidden=\"true\" class=\"e-font-icon-svg e-fas-check\" viewbox=\"0 0 512 512\" xmlns=\"http:\/\/www.w3.org\/2000\/svg\"><path d=\"M173.898 439.404l-166.4-166.4c-9.997-9.997-9.997-26.206 0-36.204l36.203-36.204c9.997-9.998 26.207-9.998 36.204 0L192 312.69 432.095 72.596c9.997-9.997 26.207-9.997 36.204 0l36.203 36.204c9.997 9.997 9.997 26.206 0 36.204l-294.4 294.401c-9.998 9.997-26.207 9.997-36.204-.001z\"><\/path><\/svg>\t\t\t\t\t\t<\/span>\n\t\t\t\t\t\t\t\t\t\t<span class=\"elementor-icon-list-text\">Mejora la concentraci\u00f3n<\/span>\n\t\t\t\t\t\t\t\t\t<\/li>\n\t\t\t\t\t\t\t\t<li class=\"elementor-icon-list-item\">\n\t\t\t\t\t\t\t\t\t\t\t<span class=\"elementor-icon-list-icon\">\n\t\t\t\t\t\t\t<svg aria-hidden=\"true\" class=\"e-font-icon-svg e-fas-check\" viewbox=\"0 0 512 512\" xmlns=\"http:\/\/www.w3.org\/2000\/svg\"><path d=\"M173.898 439.404l-166.4-166.4c-9.997-9.997-9.997-26.206 0-36.204l36.203-36.204c9.997-9.998 26.207-9.998 36.204 0L192 312.69 432.095 72.596c9.997-9.997 26.207-9.997 36.204 0l36.203 36.204c9.997 9.997 9.997 26.206 0 36.204l-294.4 294.401c-9.998 9.997-26.207 9.997-36.204-.001z\"><\/path><\/svg>\t\t\t\t\t\t<\/span>\n\t\t\t\t\t\t\t\t\t\t<span class=\"elementor-icon-list-text\">Columpiarse ayuda a la relajaci\u00f3n, calma la ansiedad y el estr\u00e9s<\/span>\n\t\t\t\t\t\t\t\t\t<\/li>\n\t\t\t\t\t\t\t\t<li class=\"elementor-icon-list-item\">\n\t\t\t\t\t\t\t\t\t\t\t<span class=\"elementor-icon-list-icon\">\n\t\t\t\t\t\t\t<svg aria-hidden=\"true\" class=\"e-font-icon-svg e-fas-check\" viewbox=\"0 0 512 512\" xmlns=\"http:\/\/www.w3.org\/2000\/svg\"><path d=\"M173.898 439.404l-166.4-166.4c-9.997-9.997-9.997-26.206 0-36.204l36.203-36.204c9.997-9.998 26.207-9.998 36.204 0L192 312.69 432.095 72.596c9.997-9.997 26.207-9.997 36.204 0l36.203 36.204c9.997 9.997 9.997 26.206 0 36.204l-294.4 294.401c-9.998 9.997-26.207 9.997-36.204-.001z\"><\/path><\/svg>\t\t\t\t\t\t<\/span>\n\t\t\t\t\t\t\t\t\t\t<span class=\"elementor-icon-list-text\">Fortalece y flexibiliza el cuerpo<\/span>\n\t\t\t\t\t\t\t\t\t<\/li>\n\t\t\t\t\t\t\t\t<li class=\"elementor-icon-list-item\">\n\t\t\t\t\t\t\t\t\t\t\t<span class=\"elementor-icon-list-icon\">\n\t\t\t\t\t\t\t<svg aria-hidden=\"true\" class=\"e-font-icon-svg e-fas-check\" viewbox=\"0 0 512 512\" xmlns=\"http:\/\/www.w3.org\/2000\/svg\"><path d=\"M173.898 439.404l-166.4-166.4c-9.997-9.997-9.997-26.206 0-36.204l36.203-36.204c9.997-9.998 26.207-9.998 36.204 0L192 312.69 432.095 72.596c9.997-9.997 26.207-9.997 36.204 0l36.203 36.204c9.997 9.997 9.997 26.206 0 36.204l-294.4 294.401c-9.998 9.997-26.207 9.997-36.204-.001z\"><\/path><\/svg>\t\t\t\t\t\t<\/span>\n\t\t\t\t\t\t\t\t\t\t<span class=\"elementor-icon-list-text\">Mejora la orientaci\u00f3n espacial<\/span>\n\t\t\t\t\t\t\t\t\t<\/li>\n\t\t\t\t\t\t\t\t<li class=\"elementor-icon-list-item\">\n\t\t\t\t\t\t\t\t\t\t\t<span class=\"elementor-icon-list-icon\">\n\t\t\t\t\t\t\t<svg aria-hidden=\"true\" class=\"e-font-icon-svg e-fas-check\" viewbox=\"0 0 512 512\" xmlns=\"http:\/\/www.w3.org\/2000\/svg\"><path d=\"M173.898 439.404l-166.4-166.4c-9.997-9.997-9.997-26.206 0-36.204l36.203-36.204c9.997-9.998 26.207-9.998 36.204 0L192 312.69 432.095 72.596c9.997-9.997 26.207-9.997 36.204 0l36.203 36.204c9.997 9.997 9.997 26.206 0 36.204l-294.4 294.401c-9.998 9.997-26.207 9.997-36.204-.001z\"><\/path><\/svg>\t\t\t\t\t\t<\/span>\n\t\t\t\t\t\t\t\t\t\t<span class=\"elementor-icon-list-text\">Mejora la postura y la coordinaci\u00f3n<\/span>\n\t\t\t\t\t\t\t\t\t<\/li>\n\t\t\t\t\t\t\t\t<li class=\"elementor-icon-list-item\">\n\t\t\t\t\t\t\t\t\t\t\t<span class=\"elementor-icon-list-icon\">\n\t\t\t\t\t\t\t<svg aria-hidden=\"true\" class=\"e-font-icon-svg e-fas-check\" viewbox=\"0 0 512 512\" xmlns=\"http:\/\/www.w3.org\/2000\/svg\"><path d=\"M173.898 439.404l-166.4-166.4c-9.997-9.997-9.997-26.206 0-36.204l36.203-36.204c9.997-9.998 26.207-9.998 36.204 0L192 312.69 432.095 72.596c9.997-9.997 26.207-9.997 36.204 0l36.203 36.204c9.997 9.997 9.997 26.206 0 36.204l-294.4 294.401c-9.998 9.997-26.207 9.997-36.204-.001z\"><\/path><\/svg>\t\t\t\t\t\t<\/span>\n\t\t\t\t\t\t\t\t\t\t<span class=\"elementor-icon-list-text\">Alivia los trastornos cervicales, artrosis , ci\u00e1tica y lumbalgias<\/span>\n\t\t\t\t\t\t\t\t\t<\/li>\n\t\t\t\t\t\t\t\t<li class=\"elementor-icon-list-item\">\n\t\t\t\t\t\t\t\t\t\t\t<span class=\"elementor-icon-list-icon\">\n\t\t\t\t\t\t\t<svg aria-hidden=\"true\" class=\"e-font-icon-svg e-fas-check\" viewbox=\"0 0 512 512\" xmlns=\"http:\/\/www.w3.org\/2000\/svg\"><path d=\"M173.898 439.404l-166.4-166.4c-9.997-9.997-9.997-26.206 0-36.204l36.203-36.204c9.997-9.998 26.207-9.998 36.204 0L192 312.69 432.095 72.596c9.997-9.997 26.207-9.997 36.204 0l36.203 36.204c9.997 9.997 9.997 26.206 0 36.204l-294.4 294.401c-9.998 9.997-26.207 9.997-36.204-.001z\"><\/path><\/svg>\t\t\t\t\t\t<\/span>\n\t\t\t\t\t\t\t\t\t\t<span class=\"elementor-icon-list-text\">Las posturas invertidas ayudan a despejar la mente y a oxigenar el cuerpo<\/span>\n\t\t\t\t\t\t\t\t\t<\/li>\n\t\t\t\t\t\t<\/ul>\n\t\t\t\t\t\t<\/div>\n\t\t\t\t<div class=\"elementor-element elementor-element-b976fb7 elementor-widget elementor-widget-gallery\" data-id=\"b976fb7\" data-element_type=\"widget\" data-e-type=\"widget\" data-settings=\"{&quot;lazyload&quot;:&quot;yes&quot;,&quot;gallery_layout&quot;:&quot;grid&quot;,&quot;columns&quot;:4,&quot;columns_tablet&quot;:2,&quot;columns_mobile&quot;:1,&quot;gap&quot;:{&quot;unit&quot;:&quot;px&quot;,&quot;size&quot;:10,&quot;sizes&quot;:[]},&quot;gap_tablet&quot;:{&quot;unit&quot;:&quot;px&quot;,&quot;size&quot;:10,&quot;sizes&quot;:[]},&quot;gap_mobile&quot;:{&quot;unit&quot;:&quot;px&quot;,&quot;size&quot;:10,&quot;sizes&quot;:[]},&quot;link_to&quot;:&quot;file&quot;,&quot;aspect_ratio&quot;:&quot;3:2&quot;,&quot;overlay_background&quot;:&quot;yes&quot;,&quot;content_hover_animation&quot;:&quot;fade-in&quot;}\" data-widget_type=\"gallery.default\">\n\t\t\t\t\t\t\t<div class=\"elementor-gallery__container\">\n\t\t\t\t\t\t\t<a class=\"e-gallery-item elementor-gallery-item elementor-animated-content\" href=\"https:\/\/bizihaziak.com\/wp-content\/uploads\/2026\/02\/YogaAereoBizihaziak-5-400x250-1.jpeg\" data-elementor-open-lightbox=\"yes\" data-elementor-lightbox-slideshow=\"b976fb7\" data-e-action-hash=\"#elementor-action%3Aaction%3Dlightbox%26settings%3DeyJpZCI6MjE5LCJ1cmwiOiJodHRwczpcL1wvYml6aWhhemlhay5jb21cL3dwLWNvbnRlbnRcL3VwbG9hZHNcLzIwMjZcLzAyXC9Zb2dhQWVyZW9CaXppaGF6aWFrLTUtNDAweDI1MC0xLmpwZWciLCJzbGlkZXNob3ciOiJiOTc2ZmI3In0%3D\">\n\t\t\t\t\t<div class=\"e-gallery-image elementor-gallery-item__image\" data-thumbnail=\"https:\/\/bizihaziak.com\/wp-content\/uploads\/2026\/02\/YogaAereoBizihaziak-5-400x250-1.jpeg\" data-width=\"400\" data-height=\"250\" aria-label=\"\" role=\"img\" ><\/div>\n\t\t\t\t\t\t\t\t\t\t\t<div class=\"elementor-gallery-item__overlay\"><\/div>\n\t\t\t\t\t\t\t\t\t\t\t\t\t\t<\/a>\n\t\t\t\t\t\t\t<a class=\"e-gallery-item elementor-gallery-item elementor-animated-content\" href=\"https:\/\/bizihaziak.com\/wp-content\/uploads\/2026\/02\/act1.jpeg\" data-elementor-open-lightbox=\"yes\" data-elementor-lightbox-slideshow=\"b976fb7\" data-e-action-hash=\"#elementor-action%3Aaction%3Dlightbox%26settings%3DeyJpZCI6MjE4LCJ1cmwiOiJodHRwczpcL1wvYml6aWhhemlhay5jb21cL3dwLWNvbnRlbnRcL3VwbG9hZHNcLzIwMjZcLzAyXC9hY3QxLmpwZWciLCJzbGlkZXNob3ciOiJiOTc2ZmI3In0%3D\">\n\t\t\t\t\t<div class=\"e-gallery-image elementor-gallery-item__image\" data-thumbnail=\"https:\/\/bizihaziak.com\/wp-content\/uploads\/2026\/02\/act1.jpeg\" data-width=\"1599\" data-height=\"1599\" aria-label=\"\" role=\"img\" ><\/div>\n\t\t\t\t\t\t\t\t\t\t\t<div class=\"elementor-gallery-item__overlay\"><\/div>\n\t\t\t\t\t\t\t\t\t\t\t\t\t\t<\/a>\n\t\t\t\t\t\t\t<a class=\"e-gallery-item elementor-gallery-item elementor-animated-content\" href=\"https:\/\/bizihaziak.com\/wp-content\/uploads\/2026\/02\/act2.jpeg\" data-elementor-open-lightbox=\"yes\" data-elementor-lightbox-slideshow=\"b976fb7\" data-e-action-hash=\"#elementor-action%3Aaction%3Dlightbox%26settings%3DeyJpZCI6NTI3LCJ1cmwiOiJodHRwczpcL1wvYml6aWhhemlhay5jb21cL3dwLWNvbnRlbnRcL3VwbG9hZHNcLzIwMjZcLzAyXC9hY3QyLmpwZWciLCJzbGlkZXNob3ciOiJiOTc2ZmI3In0%3D\">\n\t\t\t\t\t<div class=\"e-gallery-image elementor-gallery-item__image\" data-thumbnail=\"https:\/\/bizihaziak.com\/wp-content\/uploads\/2026\/02\/act2.jpeg\" data-width=\"2048\" data-height=\"1536\" aria-label=\"\" role=\"img\" ><\/div>\n\t\t\t\t\t\t\t\t\t\t\t<div class=\"elementor-gallery-item__overlay\"><\/div>\n\t\t\t\t\t\t\t\t\t\t\t\t\t\t<\/a>\n\t\t\t\t\t<\/div>\n\t\t\t\t\t<\/div>\n\t\t\t\t<\/div>\n\t\t\t\t\t<\/div>\n\t\t\t\t<\/div>\n\t\t\t\t<\/div>","protected":false},"excerpt":{"rendered":"<p>Yoga A\u00e9reo Familiar FAMILIA (adulto + txiki &gt; 2 a\u00f1os) Fecha:\u00a0 Los Mi\u00e9rcoles 17:15 Disponibilidad de nuevos horarios ( consultar) Duraci\u00f3n:\u00a060 minutosLugar:\u00a0Bizihaziak (Galdakao)Imparte:\u00a0Maider EtxebarriaPrecio: Familiar 50\u20ac mes Reserva tu plaza La pr\u00e1ctica regular de yoga a\u00e9reo ayuda a los mas peque\u00f1os y adultos.\u00a0 Algunos de sus beneficios: Mejora la concentraci\u00f3n Columpiarse ayuda a la relajaci\u00f3n, [&hellip;]<\/p>\n","protected":false},"author":1,"featured_media":0,"parent":0,"menu_order":0,"comment_status":"closed","ping_status":"closed","template":"elementor_canvas","meta":{"footnotes":""},"class_list":["post-1464","page","type-page","status-publish","hentry"],"yoast_head":"<!-- This site is optimized with the Yoast SEO plugin v27.5 - https:\/\/yoast.com\/product\/yoast-seo-wordpress\/ -->\n<title>Yoga A\u00e9reo Familiar - Bizi Haziak<\/title>\n<meta name=\"robots\" content=\"index, follow, max-snippet:-1, max-image-preview:large, max-video-preview:-1\" \/>\n<link rel=\"canonical\" href=\"https:\/\/bizihaziak.com\/eu\/yoga-aereo-familiar\/\" \/>\n<meta property=\"og:locale\" content=\"en_US\" \/>\n<meta property=\"og:type\" content=\"article\" \/>\n<meta property=\"og:title\" content=\"Yoga A\u00e9reo Familiar - Bizi Haziak\" \/>\n<meta property=\"og:description\" content=\"Yoga A\u00e9reo Familiar FAMILIA (adulto + txiki &gt; 2 a\u00f1os) Fecha:\u00a0 Los Mi\u00e9rcoles 17:15 Disponibilidad de nuevos horarios ( consultar) Duraci\u00f3n:\u00a060 minutosLugar:\u00a0Bizihaziak (Galdakao)Imparte:\u00a0Maider EtxebarriaPrecio: Familiar 50\u20ac mes Reserva tu plaza La pr\u00e1ctica regular de yoga a\u00e9reo ayuda a los mas peque\u00f1os y adultos.\u00a0 Algunos de sus beneficios: Mejora la concentraci\u00f3n Columpiarse ayuda a la relajaci\u00f3n, [&hellip;]\" \/>\n<meta property=\"og:url\" content=\"https:\/\/bizihaziak.com\/eu\/yoga-aereo-familiar\/\" \/>\n<meta property=\"og:site_name\" content=\"Bizi Haziak\" \/>\n<meta property=\"article:modified_time\" content=\"2026-03-24T14:56:26+00:00\" \/>\n<meta name=\"twitter:card\" content=\"summary_large_image\" \/>\n<meta name=\"twitter:label1\" content=\"Est. reading time\" \/>\n\t<meta name=\"twitter:data1\" content=\"1 minutua\" \/>\n<script type=\"application\/ld+json\" class=\"yoast-schema-graph\">{\"@context\":\"https:\\\/\\\/schema.org\",\"@graph\":[{\"@type\":\"WebPage\",\"@id\":\"https:\\\/\\\/bizihaziak.com\\\/yoga-aereo-familiar\\\/\",\"url\":\"https:\\\/\\\/bizihaziak.com\\\/yoga-aereo-familiar\\\/\",\"name\":\"Yoga A\u00e9reo Familiar - Bizi Haziak\",\"isPartOf\":{\"@id\":\"https:\\\/\\\/bizihaziak.com\\\/#website\"},\"datePublished\":\"2026-03-13T09:36:48+00:00\",\"dateModified\":\"2026-03-24T14:56:26+00:00\",\"breadcrumb\":{\"@id\":\"https:\\\/\\\/bizihaziak.com\\\/yoga-aereo-familiar\\\/#breadcrumb\"},\"inLanguage\":\"eu\",\"potentialAction\":[{\"@type\":\"ReadAction\",\"target\":[\"https:\\\/\\\/bizihaziak.com\\\/yoga-aereo-familiar\\\/\"]}]},{\"@type\":\"BreadcrumbList\",\"@id\":\"https:\\\/\\\/bizihaziak.com\\\/yoga-aereo-familiar\\\/#breadcrumb\",\"itemListElement\":[{\"@type\":\"ListItem\",\"position\":1,\"name\":\"Portada\",\"item\":\"https:\\\/\\\/bizihaziak.com\\\/\"},{\"@type\":\"ListItem\",\"position\":2,\"name\":\"Yoga A\u00e9reo Familiar\"}]},{\"@type\":\"WebSite\",\"@id\":\"https:\\\/\\\/bizihaziak.com\\\/#website\",\"url\":\"https:\\\/\\\/bizihaziak.com\\\/\",\"name\":\"Bizi Haziak\",\"description\":\"Bizi Haziak\",\"publisher\":{\"@id\":\"https:\\\/\\\/bizihaziak.com\\\/#organization\"},\"potentialAction\":[{\"@type\":\"SearchAction\",\"target\":{\"@type\":\"EntryPoint\",\"urlTemplate\":\"https:\\\/\\\/bizihaziak.com\\\/?s={search_term_string}\"},\"query-input\":{\"@type\":\"PropertyValueSpecification\",\"valueRequired\":true,\"valueName\":\"search_term_string\"}}],\"inLanguage\":\"eu\"},{\"@type\":\"Organization\",\"@id\":\"https:\\\/\\\/bizihaziak.com\\\/#organization\",\"name\":\"Bizi Haziak\",\"url\":\"https:\\\/\\\/bizihaziak.com\\\/\",\"logo\":{\"@type\":\"ImageObject\",\"inLanguage\":\"eu\",\"@id\":\"https:\\\/\\\/bizihaziak.com\\\/#\\\/schema\\\/logo\\\/image\\\/\",\"url\":\"https:\\\/\\\/bizihaziak.com\\\/wp-content\\\/uploads\\\/2026\\\/02\\\/logo-bizihaziak.png\",\"contentUrl\":\"https:\\\/\\\/bizihaziak.com\\\/wp-content\\\/uploads\\\/2026\\\/02\\\/logo-bizihaziak.png\",\"width\":600,\"height\":273,\"caption\":\"Bizi Haziak\"},\"image\":{\"@id\":\"https:\\\/\\\/bizihaziak.com\\\/#\\\/schema\\\/logo\\\/image\\\/\"}}]}<\/script>\n<!-- \/ Yoast SEO plugin. -->","yoast_head_json":{"title":"Yoga A\u00e9reo Familiar - Bizi Haziak","robots":{"index":"index","follow":"follow","max-snippet":"max-snippet:-1","max-image-preview":"max-image-preview:large","max-video-preview":"max-video-preview:-1"},"canonical":"https:\/\/bizihaziak.com\/eu\/yoga-aereo-familiar\/","og_locale":"en_US","og_type":"article","og_title":"Yoga A\u00e9reo Familiar - Bizi Haziak","og_description":"Yoga A\u00e9reo Familiar FAMILIA (adulto + txiki &gt; 2 a\u00f1os) Fecha:\u00a0 Los Mi\u00e9rcoles 17:15 Disponibilidad de nuevos horarios ( consultar) Duraci\u00f3n:\u00a060 minutosLugar:\u00a0Bizihaziak (Galdakao)Imparte:\u00a0Maider EtxebarriaPrecio: Familiar 50\u20ac mes Reserva tu plaza La pr\u00e1ctica regular de yoga a\u00e9reo ayuda a los mas peque\u00f1os y adultos.\u00a0 Algunos de sus beneficios: Mejora la concentraci\u00f3n Columpiarse ayuda a la relajaci\u00f3n, [&hellip;]","og_url":"https:\/\/bizihaziak.com\/eu\/yoga-aereo-familiar\/","og_site_name":"Bizi Haziak","article_modified_time":"2026-03-24T14:56:26+00:00","twitter_card":"summary_large_image","twitter_misc":{"Est. reading time":"1 minutua"},"schema":{"@context":"https:\/\/schema.org","@graph":[{"@type":"WebPage","@id":"https:\/\/bizihaziak.com\/yoga-aereo-familiar\/","url":"https:\/\/bizihaziak.com\/yoga-aereo-familiar\/","name":"Yoga A\u00e9reo Familiar - Bizi Haziak","isPartOf":{"@id":"https:\/\/bizihaziak.com\/#website"},"datePublished":"2026-03-13T09:36:48+00:00","dateModified":"2026-03-24T14:56:26+00:00","breadcrumb":{"@id":"https:\/\/bizihaziak.com\/yoga-aereo-familiar\/#breadcrumb"},"inLanguage":"eu","potentialAction":[{"@type":"ReadAction","target":["https:\/\/bizihaziak.com\/yoga-aereo-familiar\/"]}]},{"@type":"BreadcrumbList","@id":"https:\/\/bizihaziak.com\/yoga-aereo-familiar\/#breadcrumb","itemListElement":[{"@type":"ListItem","position":1,"name":"Portada","item":"https:\/\/bizihaziak.com\/"},{"@type":"ListItem","position":2,"name":"Yoga A\u00e9reo Familiar"}]},{"@type":"WebSite","@id":"https:\/\/bizihaziak.com\/#website","url":"https:\/\/bizihaziak.com\/","name":"Bizi Haziak","description":"Bizi Haziak","publisher":{"@id":"https:\/\/bizihaziak.com\/#organization"},"potentialAction":[{"@type":"SearchAction","target":{"@type":"EntryPoint","urlTemplate":"https:\/\/bizihaziak.com\/?s={search_term_string}"},"query-input":{"@type":"PropertyValueSpecification","valueRequired":true,"valueName":"search_term_string"}}],"inLanguage":"eu"},{"@type":"Organization","@id":"https:\/\/bizihaziak.com\/#organization","name":"Bizi Haziak","url":"https:\/\/bizihaziak.com\/","logo":{"@type":"ImageObject","inLanguage":"eu","@id":"https:\/\/bizihaziak.com\/#\/schema\/logo\/image\/","url":"https:\/\/bizihaziak.com\/wp-content\/uploads\/2026\/02\/logo-bizihaziak.png","contentUrl":"https:\/\/bizihaziak.com\/wp-content\/uploads\/2026\/02\/logo-bizihaziak.png","width":600,"height":273,"caption":"Bizi Haziak"},"image":{"@id":"https:\/\/bizihaziak.com\/#\/schema\/logo\/image\/"}}]}},"_links":{"self":[{"href":"https:\/\/bizihaziak.com\/eu\/wp-json\/wp\/v2\/pages\/1464","targetHints":{"allow":["GET"]}}],"collection":[{"href":"https:\/\/bizihaziak.com\/eu\/wp-json\/wp\/v2\/pages"}],"about":[{"href":"https:\/\/bizihaziak.com\/eu\/wp-json\/wp\/v2\/types\/page"}],"author":[{"embeddable":true,"href":"https:\/\/bizihaziak.com\/eu\/wp-json\/wp\/v2\/users\/1"}],"replies":[{"embeddable":true,"href":"https:\/\/bizihaziak.com\/eu\/wp-json\/wp\/v2\/comments?post=1464"}],"version-history":[{"count":7,"href":"https:\/\/bizihaziak.com\/eu\/wp-json\/wp\/v2\/pages\/1464\/revisions"}],"predecessor-version":[{"id":1665,"href":"https:\/\/bizihaziak.com\/eu\/wp-json\/wp\/v2\/pages\/1464\/revisions\/1665"}],"wp:attachment":[{"href":"https:\/\/bizihaziak.com\/eu\/wp-json\/wp\/v2\/media?parent=1464"}],"curies":[{"name":"wp","href":"https:\/\/api.w.org\/{rel}","templated":true}]}}